{"id":540,"date":"2025-10-07T11:01:32","date_gmt":"2025-10-07T09:01:32","guid":{"rendered":"https:\/\/x3padel.com\/contacto\/"},"modified":"2025-10-14T08:51:09","modified_gmt":"2025-10-14T06:51:09","slug":"contacto","status":"publish","type":"page","link":"https:\/\/x3padel.com\/es\/contacto\/","title":{"rendered":"Contacto"},"content":{"rendered":"\t\t<div data-elementor-type=\"wp-page\" data-elementor-id=\"540\" class=\"elementor elementor-540 elementor-428\" data-elementor-post-type=\"page\">\n\t\t\t\t<div class=\"elementor-element elementor-element-ca3fb09 e-con-full e-flex e-con e-parent\" data-id=\"ca3fb09\" data-element_type=\"container\" data-e-type=\"container\" data-settings=\"{&quot;background_background&quot;:&quot;classic&quot;}\">\n\t\t\t\t<div class=\"elementor-element elementor-element-fa23cf9 animated-slow elementor-invisible elementor-widget elementor-widget-heading\" data-id=\"fa23cf9\" data-element_type=\"widget\" data-e-type=\"widget\" data-settings=\"{&quot;_animation&quot;:&quot;fadeInDown&quot;,&quot;_animation_delay&quot;:600}\" data-widget_type=\"heading.default\">\n\t\t\t\t\t<h1 class=\"elementor-heading-title elementor-size-default\">Contacto<\/h1>\t\t\t\t<\/div>\n\t\t\t\t<\/div>\n\t\t<div class=\"elementor-element elementor-element-450c023 e-con-full e-flex e-con e-parent\" data-id=\"450c023\" data-element_type=\"container\" data-e-type=\"container\">\n\t\t<div class=\"elementor-element elementor-element-7bce768 e-con-full e-flex e-con e-child\" data-id=\"7bce768\" data-element_type=\"container\" data-e-type=\"container\">\n\t\t<div class=\"elementor-element elementor-element-aad8cd4 e-con-full e-flex e-con e-child\" data-id=\"aad8cd4\" data-element_type=\"container\" data-e-type=\"container\">\n\t\t\t\t<div class=\"elementor-element elementor-element-3700971 animated-slow elementor-invisible elementor-widget elementor-widget-heading\" data-id=\"3700971\" data-element_type=\"widget\" data-e-type=\"widget\" data-settings=\"{&quot;_animation&quot;:&quot;fadeIn&quot;,&quot;_animation_delay&quot;:600}\" data-widget_type=\"heading.default\">\n\t\t\t\t\t<h3 class=\"elementor-heading-title elementor-size-default\">X3 Padel Club<\/h3>\t\t\t\t<\/div>\n\t\t\t\t<div class=\"elementor-element elementor-element-f300dbf animated-slow elementor-invisible elementor-widget elementor-widget-heading\" data-id=\"f300dbf\" data-element_type=\"widget\" data-e-type=\"widget\" data-settings=\"{&quot;_animation&quot;:&quot;fadeIn&quot;,&quot;_animation_delay&quot;:600}\" data-widget_type=\"heading.default\">\n\t\t\t\t\t<h3 class=\"elementor-heading-title elementor-size-default\">&amp; Fitness<\/h3>\t\t\t\t<\/div>\n\t\t\t\t<\/div>\n\t\t\t\t<\/div>\n\t\t\t\t<\/div>\n\t\t<div class=\"elementor-element elementor-element-a3b1e5a e-con-full e-flex e-con e-parent\" data-id=\"a3b1e5a\" data-element_type=\"container\" data-e-type=\"container\">\n\t\t<div class=\"elementor-element elementor-element-4810a7c e-con-full e-flex e-con e-child\" data-id=\"4810a7c\" data-element_type=\"container\" data-e-type=\"container\">\n\t\t<div class=\"elementor-element elementor-element-7d193c1 e-con-full e-flex e-con e-child\" data-id=\"7d193c1\" data-element_type=\"container\" data-e-type=\"container\">\n\t\t\t\t<div class=\"elementor-element elementor-element-4de10bc elementor-invisible elementor-widget elementor-widget-text-editor\" data-id=\"4de10bc\" data-element_type=\"widget\" data-e-type=\"widget\" data-settings=\"{&quot;_animation&quot;:&quot;fadeIn&quot;,&quot;_animation_delay&quot;:600}\" data-widget_type=\"text-editor.default\">\n\t\t\t\t\t\t\t\t\t<p>\u00bfTienes alguna consulta?<br>Llama a recepci\u00f3n o env\u00edanos un correo<\/p>\t\t\t\t\t\t\t\t<\/div>\n\t\t\t\t<div class=\"elementor-element elementor-element-f05fed4 elementor-icon-list--layout-traditional elementor-list-item-link-full_width elementor-invisible elementor-widget elementor-widget-icon-list\" data-id=\"f05fed4\" data-element_type=\"widget\" data-e-type=\"widget\" data-settings=\"{&quot;_animation&quot;:&quot;fadeInUp&quot;,&quot;_animation_delay&quot;:500}\" data-widget_type=\"icon-list.default\">\n\t\t\t\t\t\t\t<ul class=\"elementor-icon-list-items\">\n\t\t\t\t\t\t\t<li class=\"elementor-icon-list-item\">\n\t\t\t\t\t\t\t\t\t\t\t<a href=\"mailto:x3@x3padel.com\" target=\"_blank\">\n\n\t\t\t\t\t\t\t\t\t\t\t\t<span class=\"elementor-icon-list-icon\">\n\t\t\t\t\t\t\t<svg aria-hidden=\"true\" class=\"e-font-icon-svg e-fas-envelope\" viewBox=\"0 0 512 512\" xmlns=\"http:\/\/www.w3.org\/2000\/svg\"><path d=\"M502.3 190.8c3.9-3.1 9.7-.2 9.7 4.7V400c0 26.5-21.5 48-48 48H48c-26.5 0-48-21.5-48-48V195.6c0-5 5.7-7.8 9.7-4.7 22.4 17.4 52.1 39.5 154.1 113.6 21.1 15.4 56.7 47.8 92.2 47.6 35.7.3 72-32.8 92.3-47.6 102-74.1 131.6-96.3 154-113.7zM256 320c23.2.4 56.6-29.2 73.4-41.4 132.7-96.3 142.8-104.7 173.4-128.7 5.8-4.5 9.2-11.5 9.2-18.9v-19c0-26.5-21.5-48-48-48H48C21.5 64 0 85.5 0 112v19c0 7.4 3.4 14.3 9.2 18.9 30.6 23.9 40.7 32.4 173.4 128.7 16.8 12.2 50.2 41.8 73.4 41.4z\"><\/path><\/svg>\t\t\t\t\t\t<\/span>\n\t\t\t\t\t\t\t\t\t\t<span class=\"elementor-icon-list-text\">x3@x3padel.com<\/span>\n\t\t\t\t\t\t\t\t\t\t\t<\/a>\n\t\t\t\t\t\t\t\t\t<\/li>\n\t\t\t\t\t\t\t\t<li class=\"elementor-icon-list-item\">\n\t\t\t\t\t\t\t\t\t\t\t<a href=\"tel:972%2011%2011%2011\" target=\"_blank\">\n\n\t\t\t\t\t\t\t\t\t\t\t\t<span class=\"elementor-icon-list-icon\">\n\t\t\t\t\t\t\t<svg aria-hidden=\"true\" class=\"e-font-icon-svg e-fas-phone-alt\" viewBox=\"0 0 512 512\" xmlns=\"http:\/\/www.w3.org\/2000\/svg\"><path d=\"M497.39 361.8l-112-48a24 24 0 0 0-28 6.9l-49.6 60.6A370.66 370.66 0 0 1 130.6 204.11l60.6-49.6a23.94 23.94 0 0 0 6.9-28l-48-112A24.16 24.16 0 0 0 122.6.61l-104 24A24 24 0 0 0 0 48c0 256.5 207.9 464 464 464a24 24 0 0 0 23.4-18.6l24-104a24.29 24.29 0 0 0-14.01-27.6z\"><\/path><\/svg>\t\t\t\t\t\t<\/span>\n\t\t\t\t\t\t\t\t\t\t<span class=\"elementor-icon-list-text\">972 11 11 11<\/span>\n\t\t\t\t\t\t\t\t\t\t\t<\/a>\n\t\t\t\t\t\t\t\t\t<\/li>\n\t\t\t\t\t\t<\/ul>\n\t\t\t\t\t\t<\/div>\n\t\t\t\t<\/div>\n\t\t<div class=\"elementor-element elementor-element-1d626e9 e-con-full e-flex e-con e-child\" data-id=\"1d626e9\" data-element_type=\"container\" data-e-type=\"container\">\n\t\t\t\t<div class=\"elementor-element elementor-element-0184658 elementor-invisible elementor-widget elementor-widget-text-editor\" data-id=\"0184658\" data-element_type=\"widget\" data-e-type=\"widget\" data-settings=\"{&quot;_animation&quot;:&quot;fadeIn&quot;,&quot;_animation_delay&quot;:600}\" data-widget_type=\"text-editor.default\">\n\t\t\t\t\t\t\t\t\t<p>Estamos en Sant Gregori,<br>a 5min de Girona<\/p>\t\t\t\t\t\t\t\t<\/div>\n\t\t\t\t<div class=\"elementor-element elementor-element-54bd2b9 elementor-icon-list--layout-traditional elementor-list-item-link-full_width elementor-invisible elementor-widget elementor-widget-icon-list\" data-id=\"54bd2b9\" data-element_type=\"widget\" data-e-type=\"widget\" data-settings=\"{&quot;_animation&quot;:&quot;fadeInUp&quot;,&quot;_animation_delay&quot;:500}\" data-widget_type=\"icon-list.default\">\n\t\t\t\t\t\t\t<ul class=\"elementor-icon-list-items\">\n\t\t\t\t\t\t\t<li class=\"elementor-icon-list-item\">\n\t\t\t\t\t\t\t\t\t\t\t<a href=\"https:\/\/maps.app.goo.gl\/67CREkxtDxvo2TcS8\">\n\n\t\t\t\t\t\t\t\t\t\t\t\t<span class=\"elementor-icon-list-icon\">\n\t\t\t\t\t\t\t<svg aria-hidden=\"true\" class=\"e-font-icon-svg e-fas-map-marker-alt\" viewBox=\"0 0 384 512\" xmlns=\"http:\/\/www.w3.org\/2000\/svg\"><path d=\"M172.268 501.67C26.97 291.031 0 269.413 0 192 0 85.961 85.961 0 192 0s192 85.961 192 192c0 77.413-26.97 99.031-172.268 309.67-9.535 13.774-29.93 13.773-39.464 0zM192 272c44.183 0 80-35.817 80-80s-35.817-80-80-80-80 35.817-80 80 35.817 80 80 80z\"><\/path><\/svg>\t\t\t\t\t\t<\/span>\n\t\t\t\t\t\t\t\t\t\t<span class=\"elementor-icon-list-text\">Ctra. Cartell\u00e0 s\/n, Pol. Ind. Jueria. Domeny<br>17150 Girona<\/span>\n\t\t\t\t\t\t\t\t\t\t\t<\/a>\n\t\t\t\t\t\t\t\t\t<\/li>\n\t\t\t\t\t\t<\/ul>\n\t\t\t\t\t\t<\/div>\n\t\t\t\t<\/div>\n\t\t\t\t<\/div>\n\t\t\t\t<\/div>\n\t\t<div class=\"elementor-element elementor-element-700c417 e-con-full e-flex e-con e-parent\" data-id=\"700c417\" data-element_type=\"container\" data-e-type=\"container\">\n\t\t\t\t<div class=\"elementor-element elementor-element-2d8b087 elementor-widget elementor-widget-google_maps\" data-id=\"2d8b087\" data-element_type=\"widget\" data-e-type=\"widget\" data-widget_type=\"google_maps.default\">\n\t\t\t\t\t\t\t<div class=\"elementor-custom-embed\">\n\t\t\t<iframe loading=\"lazy\"\n\t\t\t\t\tsrc=\"https:\/\/maps.google.com\/maps?q=x3%20padel%20sant%20gregori&#038;t=m&#038;z=13&#038;output=embed&#038;iwloc=near\"\n\t\t\t\t\ttitle=\"x3 padel sant gregori\"\n\t\t\t\t\taria-label=\"x3 padel sant gregori\"\n\t\t\t><\/iframe>\n\t\t<\/div>\n\t\t\t\t\t\t<\/div>\n\t\t\t\t<\/div>\n\t\t\t\t<\/div>\n\t\t","protected":false},"excerpt":{"rendered":"<p>Contacto X3 Padel Club &amp; Fitness \u00bfTienes alguna consulta?Llama a recepci\u00f3n o env\u00edanos un correo x3@x3padel.com 972 11 11 11 Estamos en Sant Gregori,a 5min de Girona Ctra. Cartell\u00e0 s\/n, Pol. Ind. Jueria. Domeny17150 Girona<\/p>\n","protected":false},"author":1,"featured_media":541,"parent":0,"menu_order":0,"comment_status":"closed","ping_status":"closed","template":"elementor_header_footer","meta":{"footnotes":""},"class_list":["post-540","page","type-page","status-publish","has-post-thumbnail","hentry"],"yoast_head":"<!-- This site is optimized with the Yoast SEO plugin v27.4 - https:\/\/yoast.com\/product\/yoast-seo-wordpress\/ -->\n<title>Contacto club p\u00e1del Girona - X3 Padel Club Girona<\/title>\n<meta name=\"description\" content=\"\u00bfQuieres informaci\u00f3n o realizar una reserva? Entra en el contacto del club de p\u00e1del Girona X3 Padel y habla con nosotros.\" \/>\n<meta name=\"robots\" content=\"index, follow, max-snippet:-1, max-image-preview:large, max-video-preview:-1\" \/>\n<link rel=\"canonical\" href=\"https:\/\/x3padel.com\/es\/contacto\/\" \/>\n<meta property=\"og:locale\" content=\"es_ES\" \/>\n<meta property=\"og:type\" content=\"article\" \/>\n<meta property=\"og:title\" content=\"Contacto club p\u00e1del Girona - X3 Padel Club Girona\" \/>\n<meta property=\"og:description\" content=\"\u00bfQuieres informaci\u00f3n o realizar una reserva? Entra en el contacto del club de p\u00e1del Girona X3 Padel y habla con nosotros.\" \/>\n<meta property=\"og:url\" content=\"https:\/\/x3padel.com\/es\/contacto\/\" \/>\n<meta property=\"og:site_name\" content=\"X3 Padel Club Girona\" \/>\n<meta property=\"article:modified_time\" content=\"2025-10-14T06:51:09+00:00\" \/>\n<meta property=\"og:image\" content=\"https:\/\/x3padel.com\/wp-content\/uploads\/2025\/10\/TIC-TAC-\ud83d\ude0f\u23f0-Comenca-el-compte-enrere-per-linici-de-temporada-Qui-te-tantes-ganes-com-nosaltres.jpg\" \/>\n\t<meta property=\"og:image:width\" content=\"1080\" \/>\n\t<meta property=\"og:image:height\" content=\"1218\" \/>\n\t<meta property=\"og:image:type\" content=\"image\/jpeg\" \/>\n<meta name=\"twitter:card\" content=\"summary_large_image\" \/>\n<script type=\"application\/ld+json\" class=\"yoast-schema-graph\">{\"@context\":\"https:\\\/\\\/schema.org\",\"@graph\":[{\"@type\":\"WebPage\",\"@id\":\"https:\\\/\\\/x3padel.com\\\/es\\\/contacto\\\/\",\"url\":\"https:\\\/\\\/x3padel.com\\\/es\\\/contacto\\\/\",\"name\":\"Contacto club p\u00e1del Girona - X3 Padel Club Girona\",\"isPartOf\":{\"@id\":\"https:\\\/\\\/x3padel.com\\\/es\\\/#website\"},\"primaryImageOfPage\":{\"@id\":\"https:\\\/\\\/x3padel.com\\\/es\\\/contacto\\\/#primaryimage\"},\"image\":{\"@id\":\"https:\\\/\\\/x3padel.com\\\/es\\\/contacto\\\/#primaryimage\"},\"thumbnailUrl\":\"https:\\\/\\\/x3padel.com\\\/wp-content\\\/uploads\\\/2025\\\/10\\\/TIC-TAC-\ud83d\ude0f\u23f0-Comenca-el-compte-enrere-per-linici-de-temporada-Qui-te-tantes-ganes-com-nosaltres.jpg\",\"datePublished\":\"2025-10-07T09:01:32+00:00\",\"dateModified\":\"2025-10-14T06:51:09+00:00\",\"description\":\"\u00bfQuieres informaci\u00f3n o realizar una reserva? Entra en el contacto del club de p\u00e1del Girona X3 Padel y habla con nosotros.\",\"breadcrumb\":{\"@id\":\"https:\\\/\\\/x3padel.com\\\/es\\\/contacto\\\/#breadcrumb\"},\"inLanguage\":\"es\",\"potentialAction\":[{\"@type\":\"ReadAction\",\"target\":[\"https:\\\/\\\/x3padel.com\\\/es\\\/contacto\\\/\"]}]},{\"@type\":\"ImageObject\",\"inLanguage\":\"es\",\"@id\":\"https:\\\/\\\/x3padel.com\\\/es\\\/contacto\\\/#primaryimage\",\"url\":\"https:\\\/\\\/x3padel.com\\\/wp-content\\\/uploads\\\/2025\\\/10\\\/TIC-TAC-\ud83d\ude0f\u23f0-Comenca-el-compte-enrere-per-linici-de-temporada-Qui-te-tantes-ganes-com-nosaltres.jpg\",\"contentUrl\":\"https:\\\/\\\/x3padel.com\\\/wp-content\\\/uploads\\\/2025\\\/10\\\/TIC-TAC-\ud83d\ude0f\u23f0-Comenca-el-compte-enrere-per-linici-de-temporada-Qui-te-tantes-ganes-com-nosaltres.jpg\",\"width\":1080,\"height\":1218},{\"@type\":\"BreadcrumbList\",\"@id\":\"https:\\\/\\\/x3padel.com\\\/es\\\/contacto\\\/#breadcrumb\",\"itemListElement\":[{\"@type\":\"ListItem\",\"position\":1,\"name\":\"Inici\",\"item\":\"https:\\\/\\\/x3padel.com\\\/es\\\/\"},{\"@type\":\"ListItem\",\"position\":2,\"name\":\"Contacto\"}]},{\"@type\":\"WebSite\",\"@id\":\"https:\\\/\\\/x3padel.com\\\/es\\\/#website\",\"url\":\"https:\\\/\\\/x3padel.com\\\/es\\\/\",\"name\":\"X3 Padel Club Girona\",\"description\":\"El teu club de padel de les comarques gironines\",\"publisher\":{\"@id\":\"https:\\\/\\\/x3padel.com\\\/es\\\/#organization\"},\"potentialAction\":[{\"@type\":\"SearchAction\",\"target\":{\"@type\":\"EntryPoint\",\"urlTemplate\":\"https:\\\/\\\/x3padel.com\\\/es\\\/?s={search_term_string}\"},\"query-input\":{\"@type\":\"PropertyValueSpecification\",\"valueRequired\":true,\"valueName\":\"search_term_string\"}}],\"inLanguage\":\"es\"},{\"@type\":\"Organization\",\"@id\":\"https:\\\/\\\/x3padel.com\\\/es\\\/#organization\",\"name\":\"X3 Padel Club Girona\",\"url\":\"https:\\\/\\\/x3padel.com\\\/es\\\/\",\"logo\":{\"@type\":\"ImageObject\",\"inLanguage\":\"es\",\"@id\":\"https:\\\/\\\/x3padel.com\\\/es\\\/#\\\/schema\\\/logo\\\/image\\\/\",\"url\":\"https:\\\/\\\/x3padel.com\\\/wp-content\\\/uploads\\\/2025\\\/09\\\/logo-x3-padel-club-fons-negre.jpg\",\"contentUrl\":\"https:\\\/\\\/x3padel.com\\\/wp-content\\\/uploads\\\/2025\\\/09\\\/logo-x3-padel-club-fons-negre.jpg\",\"width\":502,\"height\":468,\"caption\":\"X3 Padel Club Girona\"},\"image\":{\"@id\":\"https:\\\/\\\/x3padel.com\\\/es\\\/#\\\/schema\\\/logo\\\/image\\\/\"},\"sameAs\":[\"https:\\\/\\\/www.instagram.com\\\/x3clubgirona\\\/\"]}]}<\/script>\n<!-- \/ Yoast SEO plugin. -->","yoast_head_json":{"title":"Contacto club p\u00e1del Girona - X3 Padel Club Girona","description":"\u00bfQuieres informaci\u00f3n o realizar una reserva? Entra en el contacto del club de p\u00e1del Girona X3 Padel y habla con nosotros.","robots":{"index":"index","follow":"follow","max-snippet":"max-snippet:-1","max-image-preview":"max-image-preview:large","max-video-preview":"max-video-preview:-1"},"canonical":"https:\/\/x3padel.com\/es\/contacto\/","og_locale":"es_ES","og_type":"article","og_title":"Contacto club p\u00e1del Girona - X3 Padel Club Girona","og_description":"\u00bfQuieres informaci\u00f3n o realizar una reserva? Entra en el contacto del club de p\u00e1del Girona X3 Padel y habla con nosotros.","og_url":"https:\/\/x3padel.com\/es\/contacto\/","og_site_name":"X3 Padel Club Girona","article_modified_time":"2025-10-14T06:51:09+00:00","og_image":[{"width":1080,"height":1218,"url":"https:\/\/x3padel.com\/wp-content\/uploads\/2025\/10\/TIC-TAC-\ud83d\ude0f\u23f0-Comenca-el-compte-enrere-per-linici-de-temporada-Qui-te-tantes-ganes-com-nosaltres.jpg","type":"image\/jpeg"}],"twitter_card":"summary_large_image","schema":{"@context":"https:\/\/schema.org","@graph":[{"@type":"WebPage","@id":"https:\/\/x3padel.com\/es\/contacto\/","url":"https:\/\/x3padel.com\/es\/contacto\/","name":"Contacto club p\u00e1del Girona - X3 Padel Club Girona","isPartOf":{"@id":"https:\/\/x3padel.com\/es\/#website"},"primaryImageOfPage":{"@id":"https:\/\/x3padel.com\/es\/contacto\/#primaryimage"},"image":{"@id":"https:\/\/x3padel.com\/es\/contacto\/#primaryimage"},"thumbnailUrl":"https:\/\/x3padel.com\/wp-content\/uploads\/2025\/10\/TIC-TAC-\ud83d\ude0f\u23f0-Comenca-el-compte-enrere-per-linici-de-temporada-Qui-te-tantes-ganes-com-nosaltres.jpg","datePublished":"2025-10-07T09:01:32+00:00","dateModified":"2025-10-14T06:51:09+00:00","description":"\u00bfQuieres informaci\u00f3n o realizar una reserva? Entra en el contacto del club de p\u00e1del Girona X3 Padel y habla con nosotros.","breadcrumb":{"@id":"https:\/\/x3padel.com\/es\/contacto\/#breadcrumb"},"inLanguage":"es","potentialAction":[{"@type":"ReadAction","target":["https:\/\/x3padel.com\/es\/contacto\/"]}]},{"@type":"ImageObject","inLanguage":"es","@id":"https:\/\/x3padel.com\/es\/contacto\/#primaryimage","url":"https:\/\/x3padel.com\/wp-content\/uploads\/2025\/10\/TIC-TAC-\ud83d\ude0f\u23f0-Comenca-el-compte-enrere-per-linici-de-temporada-Qui-te-tantes-ganes-com-nosaltres.jpg","contentUrl":"https:\/\/x3padel.com\/wp-content\/uploads\/2025\/10\/TIC-TAC-\ud83d\ude0f\u23f0-Comenca-el-compte-enrere-per-linici-de-temporada-Qui-te-tantes-ganes-com-nosaltres.jpg","width":1080,"height":1218},{"@type":"BreadcrumbList","@id":"https:\/\/x3padel.com\/es\/contacto\/#breadcrumb","itemListElement":[{"@type":"ListItem","position":1,"name":"Inici","item":"https:\/\/x3padel.com\/es\/"},{"@type":"ListItem","position":2,"name":"Contacto"}]},{"@type":"WebSite","@id":"https:\/\/x3padel.com\/es\/#website","url":"https:\/\/x3padel.com\/es\/","name":"X3 Padel Club Girona","description":"El teu club de padel de les comarques gironines","publisher":{"@id":"https:\/\/x3padel.com\/es\/#organization"},"potentialAction":[{"@type":"SearchAction","target":{"@type":"EntryPoint","urlTemplate":"https:\/\/x3padel.com\/es\/?s={search_term_string}"},"query-input":{"@type":"PropertyValueSpecification","valueRequired":true,"valueName":"search_term_string"}}],"inLanguage":"es"},{"@type":"Organization","@id":"https:\/\/x3padel.com\/es\/#organization","name":"X3 Padel Club Girona","url":"https:\/\/x3padel.com\/es\/","logo":{"@type":"ImageObject","inLanguage":"es","@id":"https:\/\/x3padel.com\/es\/#\/schema\/logo\/image\/","url":"https:\/\/x3padel.com\/wp-content\/uploads\/2025\/09\/logo-x3-padel-club-fons-negre.jpg","contentUrl":"https:\/\/x3padel.com\/wp-content\/uploads\/2025\/09\/logo-x3-padel-club-fons-negre.jpg","width":502,"height":468,"caption":"X3 Padel Club Girona"},"image":{"@id":"https:\/\/x3padel.com\/es\/#\/schema\/logo\/image\/"},"sameAs":["https:\/\/www.instagram.com\/x3clubgirona\/"]}]}},"_links":{"self":[{"href":"https:\/\/x3padel.com\/es\/wp-json\/wp\/v2\/pages\/540","targetHints":{"allow":["GET"]}}],"collection":[{"href":"https:\/\/x3padel.com\/es\/wp-json\/wp\/v2\/pages"}],"about":[{"href":"https:\/\/x3padel.com\/es\/wp-json\/wp\/v2\/types\/page"}],"author":[{"embeddable":true,"href":"https:\/\/x3padel.com\/es\/wp-json\/wp\/v2\/users\/1"}],"replies":[{"embeddable":true,"href":"https:\/\/x3padel.com\/es\/wp-json\/wp\/v2\/comments?post=540"}],"version-history":[{"count":3,"href":"https:\/\/x3padel.com\/es\/wp-json\/wp\/v2\/pages\/540\/revisions"}],"predecessor-version":[{"id":748,"href":"https:\/\/x3padel.com\/es\/wp-json\/wp\/v2\/pages\/540\/revisions\/748"}],"wp:featuredmedia":[{"embeddable":true,"href":"https:\/\/x3padel.com\/es\/wp-json\/wp\/v2\/media\/541"}],"wp:attachment":[{"href":"https:\/\/x3padel.com\/es\/wp-json\/wp\/v2\/media?parent=540"}],"curies":[{"name":"wp","href":"https:\/\/api.w.org\/{rel}","templated":true}]}}